{"id":1790,"date":"2024-12-04T22:25:07","date_gmt":"2024-12-04T22:25:07","guid":{"rendered":"https:\/\/www.arenal1968.com\/private-transport\/"},"modified":"2025-04-28T21:27:22","modified_gmt":"2025-04-28T21:27:22","slug":"private-transport","status":"publish","type":"page","link":"https:\/\/www.arenal1968.com\/es\/private-transport\/","title":{"rendered":"Transporte Privado"},"content":{"rendered":"\t\t<div data-elementor-type=\"wp-page\" data-elementor-id=\"1790\" class=\"elementor elementor-1790 elementor-968\" data-elementor-post-type=\"page\">\n\t\t\t\t<div class=\"elementor-element elementor-element-1dd6534 e-flex e-con-boxed e-con e-parent\" data-id=\"1dd6534\" data-element_type=\"container\" data-e-type=\"container\" data-settings=\"{&quot;background_background&quot;:&quot;classic&quot;}\">\n\t\t\t\t\t<div class=\"e-con-inner\">\n\t\t\t\t<div class=\"elementor-element elementor-element-2c379df elementor-widget elementor-widget-spacer\" data-id=\"2c379df\" data-element_type=\"widget\" data-e-type=\"widget\" data-widget_type=\"spacer.default\">\n\t\t\t\t<div class=\"elementor-widget-container\">\n\t\t\t\t\t\t\t<div class=\"elementor-spacer\">\n\t\t\t<div class=\"elementor-spacer-inner\"><\/div>\n\t\t<\/div>\n\t\t\t\t\t\t<\/div>\n\t\t\t\t<\/div>\n\t\t\t\t\t<\/div>\n\t\t\t\t<\/div>\n\t\t<div class=\"elementor-element elementor-element-4c147cd e-flex e-con-boxed e-con e-parent\" data-id=\"4c147cd\" data-element_type=\"container\" data-e-type=\"container\" data-settings=\"{&quot;background_background&quot;:&quot;classic&quot;}\">\n\t\t\t\t\t<div class=\"e-con-inner\">\n\t\t<div class=\"elementor-element elementor-element-01b7305 e-con-full e-flex e-con e-child\" data-id=\"01b7305\" data-element_type=\"container\" data-e-type=\"container\">\n\t\t<div class=\"elementor-element elementor-element-5e14eb9 e-con-full e-flex e-con e-child\" data-id=\"5e14eb9\" data-element_type=\"container\" data-e-type=\"container\">\n\t\t\t\t<div class=\"elementor-element elementor-element-5c67239 elementor-widget elementor-widget-heading\" data-id=\"5c67239\" data-element_type=\"widget\" data-e-type=\"widget\" data-widget_type=\"heading.default\">\n\t\t\t\t<div class=\"elementor-widget-container\">\n\t\t\t\t\t<h2 class=\"elementor-heading-title elementor-size-default\">Transporte Privado<\/h2>\t\t\t\t<\/div>\n\t\t\t\t<\/div>\n\t\t\t\t<div class=\"elementor-element elementor-element-4ac8712 elementor-widget-divider--view-line elementor-invisible elementor-widget elementor-widget-divider\" data-id=\"4ac8712\" data-element_type=\"widget\" data-e-type=\"widget\" data-settings=\"{&quot;_animation&quot;:&quot;fadeInUp&quot;}\" data-widget_type=\"divider.default\">\n\t\t\t\t<div class=\"elementor-widget-container\">\n\t\t\t\t\t\t\t<div class=\"elementor-divider\">\n\t\t\t<span class=\"elementor-divider-separator\">\n\t\t\t\t\t\t<\/span>\n\t\t<\/div>\n\t\t\t\t\t\t<\/div>\n\t\t\t\t<\/div>\n\t\t\t\t<div class=\"elementor-element elementor-element-4c7e285 elementor-invisible elementor-widget elementor-widget-text-editor\" data-id=\"4c7e285\" data-element_type=\"widget\" data-e-type=\"widget\" data-settings=\"{&quot;_animation&quot;:&quot;fadeInUp&quot;}\" data-widget_type=\"text-editor.default\">\n\t\t\t\t<div class=\"elementor-widget-container\">\n\t\t\t\t\t\t\t\t\tDescubre la manera m\u00e1s c\u00f3moda, segura y eficiente de llegar a tu destino con nuestro servicio de transporte privado. Dise\u00f1ado para ofrecerte una experiencia sin preocupaciones, este servicio garantiza puntualidad, confort y atenci\u00f3n personalizada desde el momento en que subes a bordo. Nuestro objetivo es brindarte un lugar en el que puedas relajarte y disfrutar de cada instante de tu viaje.\nNuestros veh\u00edculos modernos y completamente equipados te aseguran un recorrido placentero. Adem\u00e1s, nuestros conductores altamente capacitados y amables est\u00e1n comprometidos con tu seguridad y comodidad, proporcion\u00e1ndote un servicio excepcional en todo momento.\nPerm\u00edtenos ser parte de tu experiencia en La fortuna de Costa Rica. Cont\u00e1ctanos hoy mismo para obtener m\u00e1s informaci\u00f3n o realiza tu reservaci\u00f3n de forma r\u00e1pida y sencilla. Estamos listos para coordinar todos los detalles de tu transporte privado y asegurarnos de que disfrutes de un viaje tranquilo, eficiente y adaptado a tus necesidades.\t\t\t\t\t\t\t\t<\/div>\n\t\t\t\t<\/div>\n\t\t\t\t<div class=\"elementor-element elementor-element-e04625b elementor-align-right elementor-widget elementor-widget-raven-button\" data-id=\"e04625b\" data-element_type=\"widget\" data-e-type=\"widget\" data-settings=\"{&quot;turn_to_popup_action_button&quot;:&quot;no&quot;}\" data-widget_type=\"raven-button.default\">\n\t\t\t\t<div class=\"elementor-widget-container\">\n\t\t\t\t\t\t\t<div class=\"raven-widget-wrapper\">\n\t\t\t<a class=\"raven-button raven-button-widget-normal-effect-none elementor-button raven-button-text-align-left raven-button-link elementor-animation-grow\" href=\"https:\/\/api.whatsapp.com\/send\/?phone=50640011968&#038;text&#038;type=phone_number&#038;app_absent=0\" target=\"_blank\">\t\t\t\t<div class=\"raven-button-overlay\" ><\/div>\n\t\t\t\t<span class=\"raven-button-content\">\n\t\t\t\t\t\n\t\t\t\t\t<div class=\"button-text-container\">\n\t\t\t\t\t\t\t\t\t\t\t\t<div class=\"raven-button-texts-wrapper\">\n\t\t\t\t\t\t\t<div class=\"button-text\">\n\t\t\t\t\t\t\t\t<span class=\"raven-button-text\">\n\t\t\t\t\t\t\t\t\tCont\u00e1ctenos\t\t\t\t\t\t\t\t<\/span>\n\t\t\t\t\t\t\t<\/div>\n\t\t\t\t\t\t\t\t\t\t\t\t\t<\/div>\n\t\t\t\t\t\t\t\t\t\t\t<\/div>\n\t\t\t\t\t\n\t\t\t\t\t\t\t\t\t<\/span>\n\t\t\t<\/a>\t\t<\/div>\n\t\t\t\t\t\t<\/div>\n\t\t\t\t<\/div>\n\t\t\t\t<div class=\"elementor-element elementor-element-6f19c3b elementor-widget__width-initial elementor-arrows-position-inside elementor-pagination-position-outside elementor-widget elementor-widget-image-carousel\" data-id=\"6f19c3b\" data-element_type=\"widget\" data-e-type=\"widget\" data-settings=\"{&quot;slides_to_show&quot;:&quot;1&quot;,&quot;navigation&quot;:&quot;both&quot;,&quot;autoplay&quot;:&quot;yes&quot;,&quot;pause_on_hover&quot;:&quot;yes&quot;,&quot;pause_on_interaction&quot;:&quot;yes&quot;,&quot;autoplay_speed&quot;:5000,&quot;infinite&quot;:&quot;yes&quot;,&quot;effect&quot;:&quot;slide&quot;,&quot;speed&quot;:500}\" data-widget_type=\"image-carousel.default\">\n\t\t\t\t<div class=\"elementor-widget-container\">\n\t\t\t\t\t\t\t<div class=\"elementor-image-carousel-wrapper swiper\" role=\"region\" aria-roledescription=\"carousel\" aria-label=\"Image Carousel\" dir=\"ltr\">\n\t\t\t<div class=\"elementor-image-carousel swiper-wrapper\" aria-live=\"off\">\n\t\t\t\t\t\t\t\t<div class=\"swiper-slide\" role=\"group\" aria-roledescription=\"slide\" aria-label=\"1 de 1\"><figure class=\"swiper-slide-inner\"><img decoding=\"async\" class=\"swiper-slide-image\" src=\"https:\/\/www.arenal1968.com\/wp-content\/uploads\/2025\/01\/private-transport-2.jpg\" alt=\"\" \/><\/figure><\/div>\t\t\t<\/div>\n\t\t\t\t\t<\/div>\n\t\t\t\t\t\t<\/div>\n\t\t\t\t<\/div>\n\t\t\t\t<\/div>\n\t\t\t\t<\/div>\n\t\t\t\t\t<\/div>\n\t\t\t\t<\/div>\n\t\t\t\t<\/div>\n\t\t","protected":false},"excerpt":{"rendered":"<p>Transporte Privado Descubre la manera m\u00e1s c\u00f3moda, segura y eficiente de llegar a tu destino con nuestro servicio de transporte privado. Dise\u00f1ado para ofrecerte una experiencia sin preocupaciones, este servicio garantiza puntualidad, confort y atenci\u00f3n personalizada desde el momento en que subes a bordo. Nuestro objetivo es brindarte un lugar en el que puedas relajarte [&hellip;]<\/p>\n","protected":false},"author":1,"featured_media":0,"parent":0,"menu_order":0,"comment_status":"closed","ping_status":"closed","template":"elementor_header_footer","meta":{"footnotes":""},"class_list":["post-1790","page","type-page","status-publish","hentry"],"_links":{"self":[{"href":"https:\/\/www.arenal1968.com\/es\/wp-json\/wp\/v2\/pages\/1790","targetHints":{"allow":["GET"]}}],"collection":[{"href":"https:\/\/www.arenal1968.com\/es\/wp-json\/wp\/v2\/pages"}],"about":[{"href":"https:\/\/www.arenal1968.com\/es\/wp-json\/wp\/v2\/types\/page"}],"author":[{"embeddable":true,"href":"https:\/\/www.arenal1968.com\/es\/wp-json\/wp\/v2\/users\/1"}],"replies":[{"embeddable":true,"href":"https:\/\/www.arenal1968.com\/es\/wp-json\/wp\/v2\/comments?post=1790"}],"version-history":[{"count":13,"href":"https:\/\/www.arenal1968.com\/es\/wp-json\/wp\/v2\/pages\/1790\/revisions"}],"predecessor-version":[{"id":3098,"href":"https:\/\/www.arenal1968.com\/es\/wp-json\/wp\/v2\/pages\/1790\/revisions\/3098"}],"wp:attachment":[{"href":"https:\/\/www.arenal1968.com\/es\/wp-json\/wp\/v2\/media?parent=1790"}],"curies":[{"name":"wp","href":"https:\/\/api.w.org\/{rel}","templated":true}]}}